{"id":3,"date":"2024-08-14T07:45:23","date_gmt":"2024-08-14T07:45:23","guid":{"rendered":"https:\/\/weetranslate.com\/?page_id=3"},"modified":"2025-12-03T22:31:51","modified_gmt":"2025-12-03T19:31:51","slug":"privacy-policy","status":"publish","type":"page","link":"https:\/\/taboo.istanbul\/tr\/privacy-policy\/","title":{"rendered":"Privacy Policy"},"content":{"rendered":"<style>.kb-row-layout-id3_e90334-00 > .kt-row-column-wrap{align-content:start;}:where(.kb-row-layout-id3_e90334-00 > .kt-row-column-wrap) > .wp-block-kadence-column{justify-content:start;}.kb-row-layout-id3_e90334-00 > .kt-row-column-wrap{column-gap:var(--global-kb-gap-md, 2rem);row-gap:var(--global-kb-gap-md, 2rem);padding-top:var(--global-kb-spacing-3xl, 6.5rem);padding-bottom:var(--global-kb-spacing-3xl, 6.5rem);grid-template-columns:minmax(0, 1fr);}.kb-row-layout-id3_e90334-00 > .kt-row-layout-overlay{opacity:0.30;}@media all and (max-width: 1024px){.kb-row-layout-id3_e90334-00 > .kt-row-column-wrap{grid-template-columns:minmax(0, 1fr);}}@media all and (max-width: 767px){.kb-row-layout-id3_e90334-00 > .kt-row-column-wrap{grid-template-columns:minmax(0, 1fr);}}<\/style><div class=\"kb-row-layout-wrap kb-row-layout-id3_e90334-00 alignnone has-theme-palette8-background-color kt-row-has-bg wp-block-kadence-rowlayout\"><div class=\"kt-row-column-wrap kt-has-1-columns kt-row-layout-equal kt-tab-layout-inherit kt-mobile-layout-row kt-row-valign-top\">\n<style>.kadence-column3_5b8392-a4 > .kt-inside-inner-col,.kadence-column3_5b8392-a4 > .kt-inside-inner-col:before{border-top-left-radius:0px;border-top-right-radius:0px;border-bottom-right-radius:0px;border-bottom-left-radius:0px;}.kadence-column3_5b8392-a4 > .kt-inside-inner-col{column-gap:var(--global-kb-gap-sm, 1rem);}.kadence-column3_5b8392-a4 > .kt-inside-inner-col{flex-direction:column;}.kadence-column3_5b8392-a4 > .kt-inside-inner-col > .aligncenter{width:100%;}.kadence-column3_5b8392-a4 > .kt-inside-inner-col:before{opacity:0.3;}.kadence-column3_5b8392-a4{position:relative;}@media all and (max-width: 1024px){.kadence-column3_5b8392-a4 > .kt-inside-inner-col{flex-direction:column;justify-content:center;}}@media all and (max-width: 767px){.kadence-column3_5b8392-a4 > .kt-inside-inner-col{flex-direction:column;justify-content:center;}}<\/style>\n<div class=\"wp-block-kadence-column kadence-column3_5b8392-a4\"><div class=\"kt-inside-inner-col\"><\/div><\/div>\n\n<\/div><\/div>\n\n<style>.kb-row-layout-id3_403496-e9 > .kt-row-column-wrap{align-content:start;}:where(.kb-row-layout-id3_403496-e9 > .kt-row-column-wrap) > .wp-block-kadence-column{justify-content:start;}.kb-row-layout-id3_403496-e9 > .kt-row-column-wrap{column-gap:var(--global-kb-gap-md, 2rem);row-gap:var(--global-kb-gap-md, 2rem);padding-top:var(--global-kb-spacing-sm, 1.5rem);padding-bottom:var(--global-kb-spacing-sm, 1.5rem);grid-template-columns:minmax(0, 1fr);}.kb-row-layout-id3_403496-e9 > .kt-row-layout-overlay{opacity:0.30;}@media all and (max-width: 1024px){.kb-row-layout-id3_403496-e9 > .kt-row-column-wrap{grid-template-columns:minmax(0, 1fr);}}@media all and (max-width: 767px){.kb-row-layout-id3_403496-e9 > .kt-row-column-wrap{grid-template-columns:minmax(0, 1fr);}}<\/style><div class=\"kb-row-layout-wrap kb-row-layout-id3_403496-e9 alignnone has-theme-palette8-background-color kt-row-has-bg wp-block-kadence-rowlayout\"><div class=\"kt-row-column-wrap kt-has-1-columns kt-row-layout-equal kt-tab-layout-inherit kt-mobile-layout-row kt-row-valign-top\">\n<style>.kadence-column3_c0b64f-51 > .kt-inside-inner-col,.kadence-column3_c0b64f-51 > .kt-inside-inner-col:before{border-top-left-radius:0px;border-top-right-radius:0px;border-bottom-right-radius:0px;border-bottom-left-radius:0px;}.kadence-column3_c0b64f-51 > .kt-inside-inner-col{column-gap:var(--global-kb-gap-sm, 1rem);}.kadence-column3_c0b64f-51 > .kt-inside-inner-col{flex-direction:column;}.kadence-column3_c0b64f-51 > .kt-inside-inner-col > .aligncenter{width:100%;}.kadence-column3_c0b64f-51 > .kt-inside-inner-col:before{opacity:0.3;}.kadence-column3_c0b64f-51{position:relative;}@media all and (max-width: 1024px){.kadence-column3_c0b64f-51 > .kt-inside-inner-col{flex-direction:column;justify-content:center;}}@media all and (max-width: 767px){.kadence-column3_c0b64f-51 > .kt-inside-inner-col{flex-direction:column;justify-content:center;}}<\/style>\n<div class=\"wp-block-kadence-column kadence-column3_c0b64f-51\"><div class=\"kt-inside-inner-col\"><style>.wp-block-kadence-advancedheading.kt-adv-heading3_6eadc1-f6, .wp-block-kadence-advancedheading.kt-adv-heading3_6eadc1-f6[data-kb-block=\"kb-adv-heading3_6eadc1-f6\"]{font-style:normal;}.wp-block-kadence-advancedheading.kt-adv-heading3_6eadc1-f6 mark.kt-highlight, .wp-block-kadence-advancedheading.kt-adv-heading3_6eadc1-f6[data-kb-block=\"kb-adv-heading3_6eadc1-f6\"] mark.kt-highlight{font-style:normal;color:#f76a0c;-webkit-box-decoration-break:clone;box-decoration-break:clone;padding-top:0px;padding-right:0px;padding-bottom:0px;padding-left:0px;}<\/style>\n<h1 class=\"kt-adv-heading3_6eadc1-f6 wp-block-kadence-advancedheading\" data-kb-block=\"kb-adv-heading3_6eadc1-f6\">Privacy Policy<\/h1>\n\n\n\n<p>Last Update: 28.06.2022<\/p>\n\n\n\n<p>The terms of use contain the intellectual right holders, right of use holders, and visitors\u2019 rights that benefit from the products and services offered from this present website. The visitors and users of the mentioned website accept that they are liable to comply with these Terms of Use&nbsp; Otherwise, it is necessary that the relevant persons immediately end their website access.&nbsp;<\/p>\n\n\n\n<p><strong>Privacy and the Protection of Personal Rights:<\/strong><\/p>\n\n\n\n<p>Your personal data will be processed via the mentioned website. You can access any time the Clarification Notice prepared for the visitors and users regarding this issue. Do not forget to read that Notice.<\/p>\n\n\n\n<p><strong>Intellectual Property:<\/strong><\/p>\n\n\n\n<p>The legal entity of B\u00d6CEK YAPIM PROD. ve ORG. H\u0130Z. T\u0130C. A.\u015e. holds the property of the website that covers these Terms of Use and the entire registered and unregistered intellectual property rights such as texts, codes, graphics, logos, pictures, brands, patent designs, methods etc. used by or on behalf of B\u00d6CEK YAPIM PROD. ve ORG. H\u0130Z.T\u0130C. A.\u015e.. The duplication or copying of these without any written authorization is strictly prohibited.&nbsp;<\/p>\n\n\n\n<p><strong>General Provisions:<\/strong><\/p>\n\n\n\n<p>The visitors and users acknowledge to use the website only for lawful purposes and not to engage in any actions that may constitute infringement of the rights of third persons.&nbsp; The visitor or the user will severally hold any legal and penal responsibility regarding the transactions they conduct during the visit or use of the website.<\/p>\n\n\n\n<p><strong>Restriction of the Responsibility<\/strong><\/p>\n\n\n\n<p>BOCEK YAPIM PROD. ve ORG. H\u0130Z. T\u0130C. A.\u015e. \u2018s responsibility relating to the use of the websites will only be restricted with wrongful intention and gross negligence regarding the damages arising from the use of the websites.<\/p>\n\n\n\n<p><strong>Settlement of Disputes:<\/strong><\/p>\n\n\n\n<p>TURKISH LAW shall apply for the settlement of any disputes arising from the implementation or interpretation of the Terms of Use. COUTRTS OF ISTANBUL shall have jurisdiction.&nbsp;<\/p>\n<\/div><\/div>\n\n<\/div><\/div>","protected":false},"excerpt":{"rendered":"<p>Privacy Policy Last Update: 28.06.2022 The terms of use contain the intellectual right holders, right of use holders, and visitors\u2019 rights that benefit from the products and services offered from this present website. The visitors and users of the mentioned website accept that they are liable to comply with these Terms of Use&nbsp; Otherwise, it&#8230;<\/p>","protected":false},"author":1,"featured_media":0,"parent":0,"menu_order":0,"comment_status":"closed","ping_status":"open","template":"","meta":{"_acf_changed":false,"_kad_blocks_custom_css":"","_kad_blocks_head_custom_js":"","_kad_blocks_body_custom_js":"","_kad_blocks_footer_custom_js":"","_kad_post_transparent":"","_kad_post_title":"hide","_kad_post_layout":"fullwidth","_kad_post_sidebar_id":"","_kad_post_content_style":"unboxed","_kad_post_vertical_padding":"hide","_kad_post_feature":"hide","_kad_post_feature_position":"","_kad_post_header":false,"_kad_post_footer":false,"_kad_post_classname":"","footnotes":""},"class_list":["post-3","page","type-page","status-publish","hentry"],"acf":[],"taxonomy_info":[],"featured_image_src_large":false,"author_info":{"display_name":"b\u00f6cek films","author_link":"https:\/\/taboo.istanbul\/tr\/author\/netogulga\/"},"comment_info":0,"_links":{"self":[{"href":"https:\/\/taboo.istanbul\/tr\/wp-json\/wp\/v2\/pages\/3","targetHints":{"allow":["GET"]}}],"collection":[{"href":"https:\/\/taboo.istanbul\/tr\/wp-json\/wp\/v2\/pages"}],"about":[{"href":"https:\/\/taboo.istanbul\/tr\/wp-json\/wp\/v2\/types\/page"}],"author":[{"embeddable":true,"href":"https:\/\/taboo.istanbul\/tr\/wp-json\/wp\/v2\/users\/1"}],"replies":[{"embeddable":true,"href":"https:\/\/taboo.istanbul\/tr\/wp-json\/wp\/v2\/comments?post=3"}],"version-history":[{"count":0,"href":"https:\/\/taboo.istanbul\/tr\/wp-json\/wp\/v2\/pages\/3\/revisions"}],"wp:attachment":[{"href":"https:\/\/taboo.istanbul\/tr\/wp-json\/wp\/v2\/media?parent=3"}],"curies":[{"name":"wp","href":"https:\/\/api.w.org\/{rel}","templated":true}]}}